{"id":37,"date":"2025-10-24T09:44:35","date_gmt":"2025-10-24T07:44:35","guid":{"rendered":"https:\/\/fundacja-sds.eu\/?page_id=37"},"modified":"2026-04-01T17:12:44","modified_gmt":"2026-04-01T15:12:44","slug":"transparentnosc-fundacji","status":"publish","type":"page","link":"https:\/\/fundacja-sds.eu\/index.php\/transparentnosc-fundacji\/","title":{"rendered":""},"content":{"rendered":"\n<div class=\"wp-block-group alignfull has-base-background-color has-background has-global-padding is-layout-constrained wp-container-core-group-is-layout-4664d727 wp-block-group-is-layout-constrained\" style=\"margin-top:0;margin-bottom:0;padding-top:var(--wp--preset--spacing--50);padding-right:var(--wp--preset--spacing--30);padding-bottom:var(--wp--preset--spacing--50);padding-left:var(--wp--preset--spacing--30)\">\n<div class=\"wp-block-group alignwide has-global-padding is-content-justification-center is-layout-constrained wp-block-group-is-layout-constrained\">\n<p>KRS:<br>NIP:<br>REGON: <\/p>\n\n\n\n<p><\/p>\n\n\n\n<h2 class=\"wp-block-heading has-text-align-center has-large-font-size\">Przegl\u0105daj dokumenty fundacji<\/h2>\n\n\n\n<p class=\"has-text-align-center\" style=\"margin-top:16px\">Znajdziesz tu sprawozdania finansowe oraz kluczowe dokumenty fundacji<\/p>\n<\/div>\n\n\n\n<div class=\"wp-block-columns alignwide is-layout-flex wp-container-core-columns-is-layout-3a59a727 wp-block-columns-is-layout-flex\">\n<div class=\"wp-block-column is-layout-flow wp-block-column-is-layout-flow\">\n<figure class=\"wp-block-image aligncenter size-large ext-aspect-landscape wp-duotone-varpresetduotoneprimary-foreground-1\"><img decoding=\"async\" src=\"data:image\/svg+xml;base64,PHN2ZyB4bWxucz0iaHR0cDovL3d3dy53My5vcmcvMjAwMC9zdmciIHdpZHRoPSI0OCIgaGVpZ2h0PSI0OCIgZmlsbD0ibm9uZSIgdmlld0JveD0iMCAwIDQ4IDQ4Ij48bWFzayBpZD0iYSIgd2lkdGg9IjQ4IiBoZWlnaHQ9IjQ4IiB4PSIwIiB5PSIwIiBtYXNrVW5pdHM9InVzZXJTcGFjZU9uVXNlIiBzdHlsZT0ibWFzay10eXBlOmFscGhhIj48cGF0aCBmaWxsPSIjRDlEOUQ5IiBkPSJNMCAwaDQ4djQ4SDB6Ii8+PC9tYXNrPjxnIG1hc2s9InVybCgjYSkiPjxwYXRoIGZpbGw9IiMxQzFCMUYiIGQ9Ik03IDQwYy0uNzY3IDAtMS40NTgtLjMwOC0yLjA3NS0uOTI1QzQuMzA4IDM4LjQ1OCA0IDM3Ljc2NyA0IDM3VjExYzAtLjc2Ny4zMDgtMS40NTguOTI1LTIuMDc1QzUuNTQyIDguMzA4IDYuMjMzIDggNyA4aDE0LjA1bDMgM0g0MWMuNzY3IDAgMS40NTguMzA4IDIuMDc1LjkyNS42MTcuNjE3LjkyNSAxLjMwOC45MjUgMi4wNzVIMjIuNzVsLTMtM0g3djI2bDUuMS0yMEg0N2wtNS4zNSAyMC43Yy0uMi44LS41NjcgMS4zODMtMS4xIDEuNzUtLjUzMy4zNjctMS4yMTcuNTUtMi4wNS41NUg3Wm0zLjE1LTNoMjguNmw0LjItMTdoLTI4LjZsLTQuMiAxN1oiLz48L2c+PC9zdmc+\" alt=\"\"\/><\/figure>\n\n\n\n<h3 class=\"wp-block-heading has-text-align-center\" style=\"margin-top:24px;font-size:clamp(14px, 0.875rem + ((1vw - 3.2px) * 0.625), 20px);line-height:1.5\">Sprawozdania finansowe<\/h3>\n\n\n\n<p class=\"has-text-align-center has-small-font-size\" style=\"margin-top:8px\">Przedstawiamy szczeg\u00f3\u0142owe raporty dotycz\u0105ce naszych finans\u00f3w i wydatk\u00f3w<\/p>\n\n\n\n<div class=\"wp-block-buttons is-content-justification-center is-layout-flex wp-container-core-buttons-is-layout-a89b3969 wp-block-buttons-is-layout-flex\">\n<div class=\"wp-block-button\"><a class=\"wp-block-button__link has-small-font-size has-custom-font-size wp-element-button\" href=\"#\">Zobacz szczeg\u00f3\u0142y<\/a><\/div>\n<\/div>\n<\/div>\n\n\n\n<div class=\"wp-block-column is-layout-flow wp-block-column-is-layout-flow\">\n<figure class=\"wp-block-image aligncenter size-large ext-aspect-landscape wp-duotone-varpresetduotoneprimary-foreground-2\"><img decoding=\"async\" src=\"data:image\/svg+xml;base64,PHN2ZyB4bWxucz0iaHR0cDovL3d3dy53My5vcmcvMjAwMC9zdmciIHdpZHRoPSI0OCIgaGVpZ2h0PSI0OCIgZmlsbD0ibm9uZSIgdmlld0JveD0iMCAwIDQ4IDQ4Ij48bWFzayBpZD0iYSIgd2lkdGg9IjQ4IiBoZWlnaHQ9IjQ4IiB4PSIwIiB5PSIwIiBtYXNrVW5pdHM9InVzZXJTcGFjZU9uVXNlIiBzdHlsZT0ibWFzay10eXBlOmFscGhhIj48cGF0aCBmaWxsPSIjRDlEOUQ5IiBkPSJNMCAwaDQ4djQ4SDB6Ii8+PC9tYXNrPjxnIG1hc2s9InVybCgjYSkiPjxwYXRoIGZpbGw9IiMxQzFCMUYiIGQ9Ik03IDQwYy0uNzY3IDAtMS40NTgtLjMwOC0yLjA3NS0uOTI1QzQuMzA4IDM4LjQ1OCA0IDM3Ljc2NyA0IDM3VjExYzAtLjc2Ny4zMDgtMS40NTguOTI1LTIuMDc1QzUuNTQyIDguMzA4IDYuMjMzIDggNyA4aDE0LjA1bDMgM0g0MWMuNzY3IDAgMS40NTguMzA4IDIuMDc1LjkyNS42MTcuNjE3LjkyNSAxLjMwOC45MjUgMi4wNzVIMjIuNzVsLTMtM0g3djI2bDUuMS0yMEg0N2wtNS4zNSAyMC43Yy0uMi44LS41NjcgMS4zODMtMS4xIDEuNzUtLjUzMy4zNjctMS4yMTcuNTUtMi4wNS41NUg3Wm0zLjE1LTNoMjguNmw0LjItMTdoLTI4LjZsLTQuMiAxN1oiLz48L2c+PC9zdmc+\" alt=\"\"\/><\/figure>\n\n\n\n<h3 class=\"wp-block-heading has-text-align-center\" style=\"margin-top:24px;font-size:clamp(14px, 0.875rem + ((1vw - 3.2px) * 0.625), 20px);line-height:1.5\">Statut fundacji<\/h3>\n\n\n\n<p class=\"has-text-align-center has-small-font-size\" style=\"margin-top:8px\">Poznaj zasady i regulacje, kt\u00f3re kieruj\u0105 nasz\u0105 dzia\u0142alno\u015bci\u0105<\/p>\n\n\n\n<div class=\"wp-block-buttons is-content-justification-center is-layout-flex wp-container-core-buttons-is-layout-a89b3969 wp-block-buttons-is-layout-flex\">\n<div class=\"wp-block-button\"><a class=\"wp-block-button__link has-small-font-size has-custom-font-size wp-element-button\" href=\"http:\/\/fundacja-sds.eu\/wp-content\/uploads\/2025\/10\/statut-fundacji-1.pdf\">Pobierz<\/a><\/div>\n<\/div>\n<\/div>\n\n\n\n<div class=\"wp-block-column is-layout-flow wp-block-column-is-layout-flow\">\n<figure class=\"wp-block-image aligncenter size-large ext-aspect-landscape wp-duotone-varpresetduotoneprimary-foreground-3\"><img decoding=\"async\" src=\"data:image\/svg+xml;base64,PHN2ZyB4bWxucz0iaHR0cDovL3d3dy53My5vcmcvMjAwMC9zdmciIHdpZHRoPSI0OCIgaGVpZ2h0PSI0OCIgZmlsbD0ibm9uZSIgdmlld0JveD0iMCAwIDQ4IDQ4Ij48bWFzayBpZD0iYSIgd2lkdGg9IjQ4IiBoZWlnaHQ9IjQ4IiB4PSIwIiB5PSIwIiBtYXNrVW5pdHM9InVzZXJTcGFjZU9uVXNlIiBzdHlsZT0ibWFzay10eXBlOmFscGhhIj48cGF0aCBmaWxsPSIjRDlEOUQ5IiBkPSJNMCAwaDQ4djQ4SDB6Ii8+PC9tYXNrPjxnIG1hc2s9InVybCgjYSkiPjxwYXRoIGZpbGw9IiMxQzFCMUYiIGQ9Ik03IDQwYy0uNzY3IDAtMS40NTgtLjMwOC0yLjA3NS0uOTI1QzQuMzA4IDM4LjQ1OCA0IDM3Ljc2NyA0IDM3VjExYzAtLjc2Ny4zMDgtMS40NTguOTI1LTIuMDc1QzUuNTQyIDguMzA4IDYuMjMzIDggNyA4aDE0LjA1bDMgM0g0MWMuNzY3IDAgMS40NTguMzA4IDIuMDc1LjkyNS42MTcuNjE3LjkyNSAxLjMwOC45MjUgMi4wNzVIMjIuNzVsLTMtM0g3djI2bDUuMS0yMEg0N2wtNS4zNSAyMC43Yy0uMi44LS41NjcgMS4zODMtMS4xIDEuNzUtLjUzMy4zNjctMS4yMTcuNTUtMi4wNS41NUg3Wm0zLjE1LTNoMjguNmw0LjItMTdoLTI4LjZsLTQuMiAxN1oiLz48L2c+PC9zdmc+\" alt=\"\"\/><\/figure>\n\n\n\n<h3 class=\"wp-block-heading has-text-align-center\" style=\"margin-top:24px;font-size:clamp(14px, 0.875rem + ((1vw - 3.2px) * 0.625), 20px);line-height:1.5\">Inne dokumenty<\/h3>\n\n\n\n<p class=\"has-text-align-center has-small-font-size\" style=\"margin-top:8px\">Dost\u0119p do wa\u017cnych dokument\u00f3w wspieraj\u0105cych przejrzysto\u015b\u0107 i zaufanie<\/p>\n\n\n\n<div class=\"wp-block-buttons is-content-justification-center is-layout-flex wp-container-core-buttons-is-layout-a89b3969 wp-block-buttons-is-layout-flex\">\n<div class=\"wp-block-button\"><a class=\"wp-block-button__link has-small-font-size has-custom-font-size wp-element-button\" href=\"https:\/\/fundacja-sds.eu\/index.php\/2026\/04\/01\/dokumenty\/\">Zobacz szczeg\u00f3\u0142y<\/a><\/div>\n<\/div>\n<\/div>\n<\/div>\n<\/div>\n\n\n\n<div class=\"wp-block-group alignfull has-base-2-background-color has-background has-global-padding is-layout-constrained wp-container-core-group-is-layout-4664d727 wp-block-group-is-layout-constrained\" style=\"margin-top:0;margin-bottom:0;padding-top:var(--wp--preset--spacing--50);padding-right:var(--wp--preset--spacing--30);padding-bottom:var(--wp--preset--spacing--50);padding-left:var(--wp--preset--spacing--30)\">\n<div class=\"wp-block-group alignwide has-global-padding is-content-justification-center is-layout-constrained wp-block-group-is-layout-constrained\">\n<h2 class=\"wp-block-heading has-text-align-center has-large-font-size\">Transparentno\u015b\u0107 oparta na faktach<\/h2>\n\n\n\n<p class=\"has-text-align-center\" style=\"margin-top:16px\">Zapewniamy dost\u0119p do sprawozda\u0144, statut\u00f3w oraz dokument\u00f3w potwierdzaj\u0105cych nasz\u0105 dzia\u0142alno\u015b\u0107 i uczciwo\u015b\u0107.<\/p>\n<\/div>\n\n\n\n<div class=\"wp-block-columns alignwide is-layout-flex wp-container-core-columns-is-layout-28f84493 wp-block-columns-is-layout-flex\">\n<div class=\"wp-block-column is-layout-flow wp-block-column-is-layout-flow\">\n<div class=\"wp-block-group has-global-padding is-layout-constrained wp-block-group-is-layout-constrained\">\n<div class=\"wp-block-group is-content-justification-center is-nowrap is-layout-flex wp-container-core-group-is-layout-23441af8 wp-block-group-is-layout-flex\">\n<div class=\"wp-block-group wp-container-content-fd3097a4 is-content-justification-center is-nowrap is-layout-flex wp-container-core-group-is-layout-23441af8 wp-block-group-is-layout-flex\" style=\"border-radius:100px;min-height:48px\">\n<figure class=\"wp-block-image aligncenter size-large wp-duotone-varpresetduotonesecondary-and-primary-4\"><img decoding=\"async\" src=\"data:image\/svg+xml;base64,PHN2ZyB4bWxucz0iaHR0cDovL3d3dy53My5vcmcvMjAwMC9zdmciIGhlaWdodD0iNDhweCIgdmlld0JveD0iMCAtOTYwIDk2MCA5NjAiIHdpZHRoPSI0OHB4IiBmaWxsPSIjMWUxZTFlIj48cGF0aCBkPSJtMzQ2LTYwLTc2LTEzMC0xNTEtMzEgMTctMTQ3LTk2LTExMiA5Ni0xMTEtMTctMTQ3IDE1MS0zMSA3Ni0xMzEgMTM0IDYyIDEzNC02MiA3NyAxMzEgMTUwIDMxLTE3IDE0NyA5NiAxMTEtOTYgMTEyIDE3IDE0Ny0xNTAgMzEtNzcgMTMwLTEzNC02Mi0xMzQgNjJabTI3LTc5IDEwNy00NSAxMTAgNDUgNjctMTAwIDExNy0zMC0xMi0xMTkgODEtOTItODEtOTQgMTItMTE5LTExNy0yOC02OS0xMDAtMTA4IDQ1LTExMC00NS02NyAxMDAtMTE3IDI4IDEyIDExOS04MSA5NCA4MSA5Mi0xMiAxMjEgMTE3IDI4IDcwIDEwMFptMTA3LTM0MVptLTQzIDEzMyAyMjctMjI1LTQ1LTQxLTE4MiAxODAtOTUtOTktNDYgNDUgMTQxIDE0MFoiLz48L3N2Zz4=\" alt=\"\"\/><\/figure>\n<\/div>\n<\/div>\n\n\n\n<h3 class=\"wp-block-heading has-text-align-center\" style=\"margin-top:24px;font-size:clamp(0.875rem, 0.875rem + ((1vw - 0.2rem) * 0.625), 1.25rem);\">Sprawozdania finansowe dost\u0119pne online<\/h3>\n<\/div>\n<\/div>\n\n\n\n<div class=\"wp-block-column is-layout-flow wp-block-column-is-layout-flow\">\n<div class=\"wp-block-group has-global-padding is-layout-constrained wp-block-group-is-layout-constrained\">\n<div class=\"wp-block-group is-content-justification-center is-nowrap is-layout-flex wp-container-core-group-is-layout-23441af8 wp-block-group-is-layout-flex\">\n<div class=\"wp-block-group wp-container-content-fd3097a4 is-content-justification-center is-nowrap is-layout-flex wp-container-core-group-is-layout-23441af8 wp-block-group-is-layout-flex\" style=\"border-radius:100px;min-height:48px\">\n<figure class=\"wp-block-image aligncenter size-large wp-duotone-varpresetduotonesecondary-and-primary-5\"><img decoding=\"async\" src=\"data:image\/svg+xml;base64,PHN2ZyB4bWxucz0iaHR0cDovL3d3dy53My5vcmcvMjAwMC9zdmciIGhlaWdodD0iNDhweCIgdmlld0JveD0iMCAtOTYwIDk2MCA5NjAiIHdpZHRoPSI0OHB4IiBmaWxsPSIjMWUxZTFlIj48cGF0aCBkPSJtNDM2LTM0NyAyMjgtMjI4LTQyLTQxLTE4MyAxODMtMTAxLTEwMS00NCA0NCAxNDIgMTQzWm00NCAyNjZxLTE0MC0zNS0yMzAtMTYyLjVUMTYwLTUyM3YtMjM4bDMyMC0xMjAgMzIwIDEyMHYyMzhxMCAxNTItOTAgMjc5LjVUNDgwLTgxWm0wLTYycTExNS0zOCAxODcuNS0xNDMuNVQ3NDAtNTIzdi0xOTZsLTI2MC05OC0yNjAgOTh2MTk2cTAgMTMxIDcyLjUgMjM2LjVUNDgwLTE0M1ptMC0zMzdaIi8+PC9zdmc+\" alt=\"\"\/><\/figure>\n<\/div>\n<\/div>\n\n\n\n<h3 class=\"wp-block-heading has-text-align-center\" style=\"margin-top:24px;font-size:clamp(0.875rem, 0.875rem + ((1vw - 0.2rem) * 0.625), 1.25rem);\">Statut fundacji i regulaminy<\/h3>\n<\/div>\n<\/div>\n\n\n\n<div class=\"wp-block-column is-layout-flow wp-block-column-is-layout-flow\">\n<div class=\"wp-block-group has-global-padding is-layout-constrained wp-block-group-is-layout-constrained\">\n<div class=\"wp-block-group is-content-justification-center is-nowrap is-layout-flex wp-container-core-group-is-layout-23441af8 wp-block-group-is-layout-flex\">\n<div class=\"wp-block-group wp-container-content-fd3097a4 is-content-justification-center is-nowrap is-layout-flex wp-container-core-group-is-layout-23441af8 wp-block-group-is-layout-flex\" style=\"border-radius:100px;min-height:48px\">\n<figure class=\"wp-block-image aligncenter size-large wp-duotone-varpresetduotonesecondary-and-primary-6\"><img decoding=\"async\" src=\"data:image\/svg+xml;base64,PHN2ZyB4bWxucz0iaHR0cDovL3d3dy53My5vcmcvMjAwMC9zdmciIGhlaWdodD0iNDhweCIgdmlld0JveD0iMCAtOTYwIDk2MCA5NjAiIHdpZHRoPSI0OHB4IiBmaWxsPSIjMWUxZTFlIj48cGF0aCBkPSJtMzYzLTMxMCAxMTctNzEgMTE3IDcxLTMxLTEzMyAxMDQtOTAtMTM3LTExLTUzLTEyNi01MyAxMjYtMTM3IDExIDEwNCA5MC0zMSAxMzNaTTQ4MS0yOSAzNDYtMTYwSDE2MHYtMTg2TDI2LTQ4MGwxMzQtMTM0di0xODZoMTg2bDEzNS0xMzQgMTMzIDEzNGgxODZ2MTg2bDEzNCAxMzQtMTM0IDEzNHYxODZINjE0TDQ4MS0yOVptMC04NCAxMDcuOTItMTA3SDc0MHYtMTUxbDEwOS0xMDktMTA5LTEwOXYtMTUxSDU4OUw0ODEtODQ5IDM3MS03NDBIMjIwdjE1MUwxMTEtNDgwbDEwOSAxMDl2MTUxaDE1MGwxMTEgMTA3Wm0wLTM2OFoiLz48L3N2Zz4=\" alt=\"\"\/><\/figure>\n<\/div>\n<\/div>\n\n\n\n<h3 class=\"wp-block-heading has-text-align-center\" style=\"margin-top:24px;font-size:clamp(0.875rem, 0.875rem + ((1vw - 0.2rem) * 0.625), 1.25rem);\">Dokumenty potwierdzaj\u0105ce dzia\u0142alno\u015b\u0107<\/h3>\n<\/div>\n<\/div>\n\n\n\n<div class=\"wp-block-column is-layout-flow wp-block-column-is-layout-flow\">\n<div class=\"wp-block-group has-global-padding is-layout-constrained wp-block-group-is-layout-constrained\">\n<div class=\"wp-block-group is-content-justification-center is-nowrap is-layout-flex wp-container-core-group-is-layout-23441af8 wp-block-group-is-layout-flex\">\n<div class=\"wp-block-group wp-container-content-fd3097a4 is-content-justification-center is-nowrap is-layout-flex wp-container-core-group-is-layout-23441af8 wp-block-group-is-layout-flex\" style=\"border-radius:100px;min-height:48px\">\n<figure class=\"wp-block-image aligncenter size-large wp-duotone-varpresetduotonesecondary-and-primary-7\"><img decoding=\"async\" src=\"data:image\/svg+xml;base64,PHN2ZyB4bWxucz0iaHR0cDovL3d3dy53My5vcmcvMjAwMC9zdmciIGhlaWdodD0iNDhweCIgdmlld0JveD0iMCAtOTYwIDk2MCA5NjAiIHdpZHRoPSI0OHB4IiBmaWxsPSIjMWUxZTFlIj48cGF0aCBkPSJtMzIzLTI0NSAxNTctOTQgMTU3IDk1LTQyLTE3OCAxMzgtMTIwLTE4Mi0xNi03MS0xNjgtNzEgMTY3LTE4MiAxNiAxMzggMTIwLTQyIDE3OFptLTkwIDEyNSA2NS0yODFMODAtNTkwbDI4OC0yNSAxMTItMjY1IDExMiAyNjUgMjg4IDI1LTIxOCAxODkgNjUgMjgxLTI0Ny0xNDktMjQ3IDE0OVptNDU3LTU2MCAyMS04OS03MS01OSA5NC04IDM2LTg0IDM2IDg0IDk0IDgtNzEgNTkgMjEgODktODAtNDctODAgNDdaTTQ4MC00ODVaIi8+PC9zdmc+\" alt=\"\"\/><\/figure>\n<\/div>\n<\/div>\n\n\n\n<h3 class=\"wp-block-heading has-text-align-center\" style=\"margin-top:24px;font-size:clamp(0.875rem, 0.875rem + ((1vw - 0.2rem) * 0.625), 1.25rem);\">Raporty i analizy z realizacji cel\u00f3w<\/h3>\n<\/div>\n<\/div>\n<\/div>\n<\/div>\n\n\n\n<div class=\"wp-block-group alignfull has-base-background-color has-background has-global-padding is-layout-constrained wp-container-core-group-is-layout-da1f3e37 wp-block-group-is-layout-constrained\" style=\"margin-top:0;margin-bottom:0;padding-top:var(--wp--preset--spacing--50);padding-right:var(--wp--preset--spacing--30);padding-bottom:var(--wp--preset--spacing--50);padding-left:var(--wp--preset--spacing--30)\">\n<h2 class=\"wp-block-heading has-text-align-center has-large-font-size\">Poznaj nasz\u0105 fundacj\u0119 ju\u017c dzi\u015b.<\/h2>\n\n\n\n<p class=\"has-text-align-center\" style=\"margin-top:16px\">Przejrzyj nasze raporty i dokumenty, by lepiej zrozumie\u0107 nasz\u0105 dzia\u0142alno\u015b\u0107.<\/p>\n\n\n\n<div class=\"wp-block-buttons is-content-justification-center is-layout-flex wp-container-core-buttons-is-layout-720bcce9 wp-block-buttons-is-layout-flex\">\n<div class=\"wp-block-button\"><a class=\"wp-block-button__link wp-element-button\" href=\"#\">Sprawd\u017a szczeg\u00f3\u0142y<\/a><\/div>\n<\/div>\n<\/div>\n","protected":false},"excerpt":{"rendered":"<p>KRS:NIP:REGON: Przegl\u0105daj dokumenty fundacji Znajdziesz tu sprawozdania finansowe oraz kluczowe dokumenty fundacji Sprawozdania finansowe Przedstawiamy szczeg\u00f3\u0142owe raporty dotycz\u0105ce naszych finans\u00f3w i wydatk\u00f3w Statut fundacji Poznaj zasady i regulacje, kt\u00f3re kieruj\u0105 nasz\u0105 dzia\u0142alno\u015bci\u0105 Inne dokumenty Dost\u0119p do wa\u017cnych dokument\u00f3w wspieraj\u0105cych przejrzysto\u015b\u0107 i zaufanie Transparentno\u015b\u0107 oparta na faktach Zapewniamy dost\u0119p do sprawozda\u0144, statut\u00f3w oraz dokument\u00f3w potwierdzaj\u0105cych nasz\u0105 [&hellip;]<\/p>\n","protected":false},"author":1,"featured_media":0,"parent":0,"menu_order":0,"comment_status":"closed","ping_status":"closed","template":"","meta":{"footnotes":""},"class_list":["post-37","page","type-page","status-publish","hentry"],"_links":{"self":[{"href":"https:\/\/fundacja-sds.eu\/index.php\/wp-json\/wp\/v2\/pages\/37","targetHints":{"allow":["GET"]}}],"collection":[{"href":"https:\/\/fundacja-sds.eu\/index.php\/wp-json\/wp\/v2\/pages"}],"about":[{"href":"https:\/\/fundacja-sds.eu\/index.php\/wp-json\/wp\/v2\/types\/page"}],"author":[{"embeddable":true,"href":"https:\/\/fundacja-sds.eu\/index.php\/wp-json\/wp\/v2\/users\/1"}],"replies":[{"embeddable":true,"href":"https:\/\/fundacja-sds.eu\/index.php\/wp-json\/wp\/v2\/comments?post=37"}],"version-history":[{"count":8,"href":"https:\/\/fundacja-sds.eu\/index.php\/wp-json\/wp\/v2\/pages\/37\/revisions"}],"predecessor-version":[{"id":163,"href":"https:\/\/fundacja-sds.eu\/index.php\/wp-json\/wp\/v2\/pages\/37\/revisions\/163"}],"wp:attachment":[{"href":"https:\/\/fundacja-sds.eu\/index.php\/wp-json\/wp\/v2\/media?parent=37"}],"curies":[{"name":"wp","href":"https:\/\/api.w.org\/{rel}","templated":true}]}}