{"id":12,"date":"2025-10-24T09:30:51","date_gmt":"2025-10-24T07:30:51","guid":{"rendered":"http:\/\/fundacja-sds.eu\/?page_id=12"},"modified":"2026-04-01T16:31:13","modified_gmt":"2026-04-01T14:31:13","slug":"nasza-misja","status":"publish","type":"page","link":"https:\/\/fundacja-sds.eu\/","title":{"rendered":"SANKTUARIUM DZIKIEGO SERCA"},"content":{"rendered":"\n<div class=\"wp-block-group alignfull has-base-background-color has-background has-global-padding is-layout-constrained wp-container-core-group-is-layout-419a5400 wp-block-group-is-layout-constrained\" style=\"margin-top:0;margin-bottom:0;padding-top:var(--wp--preset--spacing--50);padding-right:var(--wp--preset--spacing--30);padding-bottom:var(--wp--preset--spacing--50);padding-left:var(--wp--preset--spacing--30)\">\n<div class=\"wp-block-columns alignwide are-vertically-aligned-center is-layout-flex wp-container-core-columns-is-layout-08c01c1c wp-block-columns-is-layout-flex\">\n<div class=\"wp-block-column is-vertically-aligned-center is-layout-flow wp-block-column-is-layout-flow\" style=\"flex-basis:33.3%\">\n<h2 class=\"wp-block-heading has-large-font-size\">Poznaj nasz\u0105 misj\u0119.<\/h2>\n\n\n\n<p style=\"margin-top:16px\">Misj\u0105 Fundacji Sanktuarium Dzikiego Serca jest przywracanie relacji mi\u0119dzy cz\u0142owiekiem a natur\u0105 jako podstawy dobrostanu, r\u00f3wnowagi i \u015bwiadomego \u017cycia.<\/p>\n\n\n\n<p>Wierzymy, \u017ce dobrostan cz\u0142owieka i natury nie istniej\u0105 oddzielnie, ale przenikaj\u0105 si\u0119, wsp\u00f3\u0142istniej\u0105 i wzajemnie na siebie wp\u0142ywaj\u0105. Dlatego nasze dzia\u0142ania wspieraj\u0105 jednocze\u015bnie cz\u0142owieka i \u015brodowisko, buduj\u0105c most mi\u0119dzy tymi dwoma \u015bwiatami.<\/p>\n\n\n\n<p class=\"has-text-align-left\">Poprzez praktyk\u0119 Shinrin Yoku, prac\u0119 z ro\u015blinami, dzia\u0142ania edukacyjne i tw\u00f3rcze zapraszamy do bezpo\u015bredniego do\u015bwiadczenia natury, do zatrzymania si\u0119, oddechu i bycia tu i teraz. Pokazujemy, \u017ce las i przyroda mog\u0105 by\u0107 realnym wsparciem w odzyskiwaniu wewn\u0119trznej r\u00f3wnowagi, regulacji emocji i odnajdywaniu spokoju.<\/p>\n\n\n\n<p>Budujemy postawy oparte na uwa\u017cno\u015bci, odpowiedzialno\u015bci i szacunku wobec \u015bwiata przyrody. Wierzymy, \u017ce tylko poprzez osobiste do\u015bwiadczenie mo\u017ce narodzi\u0107 si\u0119 prawdziwa potrzeba ochrony natury. Nie z obowi\u0105zku, lecz z g\u0142\u0119bokiego poczucia po\u0142\u0105czenia.<\/p>\n\n\n\n<p style=\"margin-top:16px\">Naszym celem jest tworzenie trwa\u0142ej zmiany &#8211; takiej, w kt\u00f3rej cz\u0142owiek zn\u00f3w czuje, \u017ce jest cz\u0119\u015bci\u0105 \u015bwiata, a nie obok niego. I \u017ce w tej relacji mo\u017ce odnale\u017a\u0107 ukojenie, si\u0142\u0119 i siebie.<\/p>\n\n\n\n<p><\/p>\n<\/div>\n\n\n\n<div class=\"wp-block-column is-layout-flow wp-block-column-is-layout-flow\"><\/div>\n\n\n\n<div class=\"wp-block-column is-vertically-aligned-center is-layout-flow wp-container-core-column-is-layout-f5bb311e wp-block-column-is-layout-flow\" style=\"flex-basis:50%\">\n<figure class=\"wp-block-gallery has-nested-images columns-default is-cropped wp-block-gallery-1 is-layout-flex wp-block-gallery-is-layout-flex\">\n<figure class=\"wp-block-image size-large\"><img loading=\"lazy\" decoding=\"async\" width=\"768\" height=\"1024\" data-id=\"60\" src=\"https:\/\/fundacja-sds.eu\/wp-content\/uploads\/2025\/10\/IMG20250824133553-768x1024.jpg\" alt=\"\" class=\"wp-image-60\" srcset=\"https:\/\/fundacja-sds.eu\/wp-content\/uploads\/2025\/10\/IMG20250824133553-768x1024.jpg 768w, https:\/\/fundacja-sds.eu\/wp-content\/uploads\/2025\/10\/IMG20250824133553-225x300.jpg 225w, https:\/\/fundacja-sds.eu\/wp-content\/uploads\/2025\/10\/IMG20250824133553-1152x1536.jpg 1152w, https:\/\/fundacja-sds.eu\/wp-content\/uploads\/2025\/10\/IMG20250824133553-1536x2048.jpg 1536w, https:\/\/fundacja-sds.eu\/wp-content\/uploads\/2025\/10\/IMG20250824133553-scaled.jpg 1920w\" sizes=\"auto, (max-width: 768px) 100vw, 768px\" \/><\/figure>\n<\/figure>\n<\/div>\n<\/div>\n\n\n\n<p><\/p>\n\n\n\n<a href='https:\/\/www.siepomaga.pl\/fundacja-sds' title='Siepomaga.pl - zbi\u00f3rki charytatywne'>\n<iframe frameborder='0' height='200px' scrolling='no' src='https:\/\/www.siepomaga.pl\/organizacja\/fundacja-sds\/banner' width='100%'><\/iframe>\n<\/a>\n<\/div>\n\n\n\n<div class=\"wp-block-group alignfull has-base-2-background-color has-background has-global-padding is-layout-constrained wp-container-core-group-is-layout-dc9f2eed wp-block-group-is-layout-constrained\" style=\"margin-top:0;margin-bottom:0;padding-top:var(--wp--preset--spacing--50);padding-right:var(--wp--preset--spacing--30);padding-bottom:var(--wp--preset--spacing--50);padding-left:var(--wp--preset--spacing--30)\">\n<div class=\"wp-block-group alignwide has-global-padding is-content-justification-center is-layout-constrained wp-block-group-is-layout-constrained\">\n<h2 class=\"wp-block-heading has-text-align-center has-large-font-size\">Nasz zesp\u00f3\u0142<\/h2>\n\n\n\n<p class=\"has-text-align-center\" style=\"margin-top:16px\">Przedstawiamy zesp\u00f3\u0142 pe\u0142en zaanga\u017cowanych i pe\u0142nych pasji os\u00f3b.<\/p>\n<\/div>\n\n\n\n<div class=\"wp-block-columns alignwide is-layout-flex wp-container-core-columns-is-layout-69cf8084 wp-block-columns-is-layout-flex\" style=\"margin-top:var(--wp--preset--spacing--40)\">\n<div class=\"wp-block-column has-base-background-color has-background is-layout-flow wp-block-column-is-layout-flow\">\n<div class=\"wp-block-group has-global-padding is-layout-constrained wp-container-core-group-is-layout-3bcd2578 wp-block-group-is-layout-constrained\" style=\"padding-top:24px;padding-right:24px;padding-bottom:24px;padding-left:24px\">\n<figure class=\"wp-block-image aligncenter size-large is-style-rounded is-style-rounded--2\"><img loading=\"lazy\" decoding=\"async\" width=\"768\" height=\"1024\" src=\"http:\/\/fundacja-sds.eu\/wp-content\/uploads\/2025\/10\/IMG20250531204359-768x1024.jpg\" alt=\"\" class=\"wp-image-19\" style=\"aspect-ratio:1;object-fit:cover\" srcset=\"https:\/\/fundacja-sds.eu\/wp-content\/uploads\/2025\/10\/IMG20250531204359-768x1024.jpg 768w, https:\/\/fundacja-sds.eu\/wp-content\/uploads\/2025\/10\/IMG20250531204359-225x300.jpg 225w, https:\/\/fundacja-sds.eu\/wp-content\/uploads\/2025\/10\/IMG20250531204359-1152x1536.jpg 1152w, https:\/\/fundacja-sds.eu\/wp-content\/uploads\/2025\/10\/IMG20250531204359-1536x2048.jpg 1536w, https:\/\/fundacja-sds.eu\/wp-content\/uploads\/2025\/10\/IMG20250531204359-scaled.jpg 1920w\" sizes=\"auto, (max-width: 768px) 100vw, 768px\" \/><\/figure>\n\n\n\n<h4 class=\"wp-block-heading has-text-align-center\" style=\"margin-top:20px;font-size:clamp(14px, 0.875rem + ((1vw - 3.2px) * 0.625), 20px);\">Anna Gacka<\/h4>\n\n\n\n<p class=\"has-text-align-center has-contrast-2-color has-text-color has-small-font-size\" style=\"margin-top:4px\">Prezes Zarz\u0105du <\/p>\n\n\n\n<p class=\"has-text-align-center has-small-font-size\" style=\"margin-top:12px\">Za\u0142o\u017cycielka i prezes Fundacji \u201eSanktuarium Dzikiego Serca\u201d. Tworzy przestrze\u0144, w kt\u00f3rej cz\u0142owiek mo\u017ce odnale\u017a\u0107 siebie, spok\u00f3j i si\u0142\u0119 do \u017cycia. \u0141\u0105czy wiedz\u0119 z zakresu psychologii pozytywnej, terapii natur\u0105 i zio\u0142olecznictwa, pomagaj\u0105c ludziom wr\u00f3ci\u0107 do harmonii cia\u0142a, emocji i ducha.<\/p>\n\n\n\n<details class=\"wp-block-details is-layout-flow wp-block-details-is-layout-flow\"><summary>Czytaj dalej<\/summary>\n<p>Jej misj\u0105 jest niesienie harmonii, u\u015bmiechu i ukojenia tam, gdzie pojawia si\u0119 b\u00f3l, chaos lub zagubienie. Wierzy, \u017ce ka\u017cdy z nas mo\u017ce rozpocz\u0105\u0107 nowy rozdzia\u0142 \u2013 z l\u017cejszym sercem, spokojnym umys\u0142em i zaufaniem do w\u0142asnego rytmu \u017cycia.<br>Do\u015bwiadczenie zdobywa\u0142a m.in. w domu opieki Bridhaven w Irlandii, jako asystentka osobista osoby z niepe\u0142nosprawno\u015bci\u0105, oraz w Uniwersyteckim Centrum Klinicznym w Gda\u0144sku, z kt\u00f3rym wsp\u00f3\u0142pracuje do dzi\u015b. Obecnie zwi\u0105zana jest tak\u017ce z Pomorsk\u0105 Medyczn\u0105 Szko\u0142\u0105 Policealn\u0105.<br>Jako certyfikowana przewodniczka k\u0105pieli le\u015bnych (shinrin yoku) wspiera osoby zmagaj\u0105ce si\u0119 z wypaleniem zawodowym, stresem, kryzysem emocjonalnym i utrat\u0105 sensu.<br>W swojej pracy \u0142amie tematy tabu, oswaja emocje i pomaga zdejmowa\u0107 z ludzi wstyd \u2013 ten, kt\u00f3ry blokuje, boli i nie pozwala oddycha\u0107 pe\u0142ni\u0105 \u017cycia. Uczy, jak poprzez \u015bwiadomy kontakt z cia\u0142em i natur\u0105 usuwa\u0107 nagromadzone napi\u0119cia, uwalnia\u0107 emocje i zrzuca\u0107 ci\u0119\u017cary przesz\u0142o\u015bci.<\/p>\n\n\n\n<p>W \u017cyciu kieruje si\u0119 spokojem, uwa\u017cno\u015bci\u0105 i szacunkiem do naturalnego rytmu istnienia. Wierzy w warto\u015b\u0107 prostoty, obecno\u015bci i wewn\u0119trznej ciszy, kt\u00f3re prowadz\u0105 cz\u0142owieka do autentycznego kontaktu z sob\u0105 i \u015bwiatem.<\/p>\n\n\n\n<p><\/p>\n<\/details>\n\n\n\n<p class=\"has-text-align-center has-small-font-size\" style=\"margin-top:12px\"><\/p>\n<\/div>\n<\/div>\n\n\n\n<div class=\"wp-block-column has-base-background-color has-background is-layout-flow wp-block-column-is-layout-flow\">\n<div class=\"wp-block-group has-global-padding is-layout-constrained wp-container-core-group-is-layout-3bcd2578 wp-block-group-is-layout-constrained\" style=\"padding-top:24px;padding-right:24px;padding-bottom:24px;padding-left:24px\">\n<figure class=\"wp-block-image aligncenter size-large is-style-rounded is-style-rounded--3\"><img loading=\"lazy\" decoding=\"async\" width=\"768\" height=\"1024\" src=\"http:\/\/fundacja-sds.eu\/wp-content\/uploads\/2025\/10\/1000028654-768x1024.jpg\" alt=\"\" class=\"wp-image-17\" style=\"aspect-ratio:1;object-fit:cover\" srcset=\"https:\/\/fundacja-sds.eu\/wp-content\/uploads\/2025\/10\/1000028654-768x1024.jpg 768w, https:\/\/fundacja-sds.eu\/wp-content\/uploads\/2025\/10\/1000028654-225x300.jpg 225w, https:\/\/fundacja-sds.eu\/wp-content\/uploads\/2025\/10\/1000028654-1152x1536.jpg 1152w, https:\/\/fundacja-sds.eu\/wp-content\/uploads\/2025\/10\/1000028654.jpg 1536w\" sizes=\"auto, (max-width: 768px) 100vw, 768px\" \/><\/figure>\n\n\n\n<h4 class=\"wp-block-heading has-text-align-center\" style=\"margin-top:20px;font-size:clamp(14px, 0.875rem + ((1vw - 3.2px) * 0.625), 20px);\">El\u017cbieta Kruglik<\/h4>\n\n\n\n<p class=\"has-text-align-center has-contrast-2-color has-text-color has-small-font-size\" style=\"margin-top:4px\">Zast\u0119pca Prezesa<\/p>\n\n\n\n<p class=\"has-text-align-center has-small-font-size\" style=\"margin-top:12px\">Zielarz, fitoterapeuta, grzyboznawca.<\/p>\n\n\n\n<p class=\"has-text-align-center has-small-font-size\" style=\"margin-top:12px\">Ka\u017cd\u0105 woln\u0105 chwil\u0119 sp\u0119dzam w terenie, przemierzaj\u0105c lasy, \u0142\u0105ki i nieu\u017cytki, by poznawa\u0107 ro\u015bliny i grzyby w ich naturalnym \u015brodowisku. To nie tylko hobby \u2014 to spos\u00f3b \u017cycia, kt\u00f3ry \u0142\u0105czy akademick\u0105 wiedz\u0119 z praktyk\u0105 fitoterapeutyczn\u0105 i g\u0142\u0119bok\u0105 fascynacj\u0105 \u015bwiatem natury. Interesuj\u0105 mnie nie tylko w\u0142a\u015bciwo\u015bci lecznicze ro\u015blin, ale tak\u017ce ich historia, symbolika i miejsce w tradycyjnych recepturach.<\/p>\n\n\n\n<details class=\"wp-block-details is-layout-flow wp-block-details-is-layout-flow\"><summary>Czytaj dalej<\/summary>\n<p>Z pasj\u0105 dziel\u0119 si\u0119 tym, co najciekawsze \u2014 opowie\u015bciami o zio\u0142ach silnie dzia\u0142aj\u0105cych, truj\u0105cych i leczniczych, o b\u0142\u0119dach recepturowych, interakcjach mi\u0119dzy sk\u0142adnikami i mo\u017cliwych skutkach ubocznych. Uwa\u017cam, \u017ce wiedza nieprzekazana to wiedza zmarnowana, dlatego staram si\u0119 m\u00f3wi\u0107 o ro\u015blinach nie tylko z punktu widzenia terapeuty, ale te\u017c jako badaczka ich kulturowego kontekstu.<br>M\u00f3wi\u0119 biegle po ukrai\u0144sku, co pozwala mi si\u0119ga\u0107 do \u017ar\u00f3de\u0142 i publikacji niedost\u0119pnych dla wielu \u2014 zar\u00f3wno tych polskich, jak i ukrai\u0144skich. Poszukuj\u0119 receptur w starych zielnikach, archiwalnych zbiorach i zapomnianych ksi\u0105\u017ckach, gdzie kryj\u0105 si\u0119 nieoczywiste po\u0142\u0105czenia i dawne praktyki, kt\u00f3re dzi\u015b mog\u0105 zyska\u0107 nowe \u017cycie. \u0141\u0105cz\u0119 tradycj\u0119 z nowoczesnym podej\u015bciem, zawsze z szacunkiem dla natury i cz\u0142owieka.<\/p>\n\n\n\n<p><br>Moja misja? Edukowa\u0107, inspirowa\u0107 i budowa\u0107 mosty mi\u0119dzy pokoleniami wiedzy \u2014 tak, by zio\u0142olecznictwo by\u0142o nie tylko skuteczne, ale te\u017c bezpieczne i \u015bwiadome.<\/p>\n<\/details>\n\n\n\n<p class=\"has-text-align-center has-small-font-size\" style=\"margin-top:12px\"><br><\/p>\n\n\n\n<p class=\"has-text-align-center has-small-font-size\" style=\"margin-top:12px\"><\/p>\n<\/div>\n<\/div>\n<\/div>\n<\/div>\n","protected":false},"excerpt":{"rendered":"<p>Poznaj nasz\u0105 misj\u0119. Misj\u0105 Fundacji Sanktuarium Dzikiego Serca jest przywracanie relacji mi\u0119dzy cz\u0142owiekiem a natur\u0105 jako podstawy dobrostanu, r\u00f3wnowagi i \u015bwiadomego \u017cycia. Wierzymy, \u017ce dobrostan cz\u0142owieka i natury nie istniej\u0105 oddzielnie, ale przenikaj\u0105 si\u0119, wsp\u00f3\u0142istniej\u0105 i wzajemnie na siebie wp\u0142ywaj\u0105. Dlatego nasze dzia\u0142ania wspieraj\u0105 jednocze\u015bnie cz\u0142owieka i \u015brodowisko, buduj\u0105c most mi\u0119dzy tymi dwoma \u015bwiatami. Poprzez [&hellip;]<\/p>\n","protected":false},"author":1,"featured_media":0,"parent":0,"menu_order":0,"comment_status":"closed","ping_status":"closed","template":"","meta":{"footnotes":""},"class_list":["post-12","page","type-page","status-publish","hentry"],"_links":{"self":[{"href":"https:\/\/fundacja-sds.eu\/index.php\/wp-json\/wp\/v2\/pages\/12","targetHints":{"allow":["GET"]}}],"collection":[{"href":"https:\/\/fundacja-sds.eu\/index.php\/wp-json\/wp\/v2\/pages"}],"about":[{"href":"https:\/\/fundacja-sds.eu\/index.php\/wp-json\/wp\/v2\/types\/page"}],"author":[{"embeddable":true,"href":"https:\/\/fundacja-sds.eu\/index.php\/wp-json\/wp\/v2\/users\/1"}],"replies":[{"embeddable":true,"href":"https:\/\/fundacja-sds.eu\/index.php\/wp-json\/wp\/v2\/comments?post=12"}],"version-history":[{"count":27,"href":"https:\/\/fundacja-sds.eu\/index.php\/wp-json\/wp\/v2\/pages\/12\/revisions"}],"predecessor-version":[{"id":127,"href":"https:\/\/fundacja-sds.eu\/index.php\/wp-json\/wp\/v2\/pages\/12\/revisions\/127"}],"wp:attachment":[{"href":"https:\/\/fundacja-sds.eu\/index.php\/wp-json\/wp\/v2\/media?parent=12"}],"curies":[{"name":"wp","href":"https:\/\/api.w.org\/{rel}","templated":true}]}}